{"id":56,"date":"2024-03-20T19:29:59","date_gmt":"2024-03-20T19:29:59","guid":{"rendered":"https:\/\/xxx-porn.net\/?page_id=56"},"modified":"2024-03-26T19:34:29","modified_gmt":"2024-03-26T19:34:29","slug":"categories","status":"publish","type":"page","link":"https:\/\/xxx-porn.net\/fr\/categories\/","title":{"rendered":"Cat\u00e9gories"},"content":{"rendered":"<p>Plusieurs cat\u00e9gories de vid\u00e9os porno divis\u00e9es par genres de porno adulte. Films XXX chauds en HD 720p de haute qualit\u00e9. Regardez les meilleures vid\u00e9os xxx gratuites maintenant ! Le top des nouvelles vid\u00e9os de sexe de tout internet.<\/p>","protected":false},"excerpt":{"rendered":"<p>Plusieurs cat\u00e9gories de vid\u00e9os porno divis\u00e9es par genres de porno adulte. Films XXX chauds en HD 720p de haute qualit\u00e9. Regardez les meilleures vid\u00e9os xxx gratuites maintenant ! Le top des nouvelles vid\u00e9os de sexe de tout internet.<\/p>","protected":false},"author":2,"featured_media":378,"parent":0,"menu_order":0,"comment_status":"closed","ping_status":"closed","template":"template-categories.php","meta":{"footnotes":""},"class_list":["post-56","page","type-page","status-publish","has-post-thumbnail","hentry"],"yoast_head":"<!-- This site is optimized with the Yoast SEO Premium plugin v27.3 (Yoast SEO v27.3) - https:\/\/yoast.com\/product\/yoast-seo-premium-wordpress\/ -->\n<title>Categories - XXX Porn<\/title>\n<meta name=\"description\" content=\"Several categories of porn videos divided by adult porno genres. Hot XXX Movies in high-quality HD 720p. Watch the best free xxx videos now!\" \/>\n<meta name=\"robots\" content=\"index, follow, max-snippet:-1, max-image-preview:large, max-video-preview:-1\" \/>\n<link rel=\"canonical\" href=\"https:\/\/xxx-porn.net\/fr\/categories\/\" \/>\n<meta property=\"og:locale\" content=\"fr_FR\" \/>\n<meta property=\"og:type\" content=\"article\" \/>\n<meta property=\"og:title\" content=\"Categories\" \/>\n<meta property=\"og:description\" content=\"Several categories of porn videos divided by adult porno genres. Hot XXX Movies in high-quality HD 720p. Watch the best free xxx videos now!\" \/>\n<meta property=\"og:url\" content=\"https:\/\/xxx-porn.net\/fr\/categories\/\" \/>\n<meta property=\"og:site_name\" content=\"XXX PORN - FREE XXX HD, XXX SEX VIDEO, PORN MOVIES\" \/>\n<meta property=\"article:modified_time\" content=\"2024-03-26T19:34:29+00:00\" \/>\n<meta property=\"og:image\" content=\"https:\/\/xxx-porn.net\/wp-content\/uploads\/2024\/03\/Porn-Categories-XXX-Porn.net_-scaled.jpg\" \/>\n\t<meta property=\"og:image:width\" content=\"2560\" \/>\n\t<meta property=\"og:image:height\" content=\"1707\" \/>\n\t<meta property=\"og:image:type\" content=\"image\/jpeg\" \/>\n<meta name=\"twitter:card\" content=\"summary_large_image\" \/>\n<meta name=\"twitter:label1\" content=\"Dur\u00e9e de lecture estim\u00e9e\" \/>\n\t<meta name=\"twitter:data1\" content=\"1 minute\" \/>\n<script type=\"application\/ld+json\" class=\"yoast-schema-graph\">{\"@context\":\"https:\\\/\\\/schema.org\",\"@graph\":[{\"@type\":\"WebPage\",\"@id\":\"https:\\\/\\\/xxx-porn.net\\\/fr\\\/categories\\\/\",\"url\":\"https:\\\/\\\/xxx-porn.net\\\/fr\\\/categories\\\/\",\"name\":\"Categories - XXX Porn\",\"isPartOf\":{\"@id\":\"https:\\\/\\\/xxx-porn.net\\\/fr\\\/#website\"},\"primaryImageOfPage\":{\"@id\":\"https:\\\/\\\/xxx-porn.net\\\/fr\\\/categories\\\/#primaryimage\"},\"image\":{\"@id\":\"https:\\\/\\\/xxx-porn.net\\\/fr\\\/categories\\\/#primaryimage\"},\"thumbnailUrl\":\"https:\\\/\\\/xxx-porn.net\\\/wp-content\\\/uploads\\\/2024\\\/03\\\/Porn-Categories-XXX-Porn.net_-scaled.jpg\",\"datePublished\":\"2024-03-20T19:29:59+00:00\",\"dateModified\":\"2024-03-26T19:34:29+00:00\",\"description\":\"Several categories of porn videos divided by adult porno genres. Hot XXX Movies in high-quality HD 720p. Watch the best free xxx videos now!\",\"breadcrumb\":{\"@id\":\"https:\\\/\\\/xxx-porn.net\\\/fr\\\/categories\\\/#breadcrumb\"},\"inLanguage\":\"fr-FR\",\"potentialAction\":[{\"@type\":\"ReadAction\",\"target\":[\"https:\\\/\\\/xxx-porn.net\\\/fr\\\/categories\\\/\"]}]},{\"@type\":\"ImageObject\",\"inLanguage\":\"fr-FR\",\"@id\":\"https:\\\/\\\/xxx-porn.net\\\/fr\\\/categories\\\/#primaryimage\",\"url\":\"https:\\\/\\\/xxx-porn.net\\\/wp-content\\\/uploads\\\/2024\\\/03\\\/Porn-Categories-XXX-Porn.net_-scaled.jpg\",\"contentUrl\":\"https:\\\/\\\/xxx-porn.net\\\/wp-content\\\/uploads\\\/2024\\\/03\\\/Porn-Categories-XXX-Porn.net_-scaled.jpg\",\"width\":2560,\"height\":1707,\"caption\":\"Porn Categories - XXX-Porn.net\"},{\"@type\":\"BreadcrumbList\",\"@id\":\"https:\\\/\\\/xxx-porn.net\\\/fr\\\/categories\\\/#breadcrumb\",\"itemListElement\":[{\"@type\":\"ListItem\",\"position\":1,\"name\":\"Home\",\"item\":\"https:\\\/\\\/xxx-porn.net\\\/\"},{\"@type\":\"ListItem\",\"position\":2,\"name\":\"Categories\"}]},{\"@type\":\"WebSite\",\"@id\":\"https:\\\/\\\/xxx-porn.net\\\/fr\\\/#website\",\"url\":\"https:\\\/\\\/xxx-porn.net\\\/fr\\\/\",\"name\":\"XXX PORN - FREE XXX HD, XXX SEX VIDEO, PORN MOVIES\",\"description\":\"\",\"potentialAction\":[{\"@type\":\"SearchAction\",\"target\":{\"@type\":\"EntryPoint\",\"urlTemplate\":\"https:\\\/\\\/xxx-porn.net\\\/fr\\\/?s={search_term_string}\"},\"query-input\":{\"@type\":\"PropertyValueSpecification\",\"valueRequired\":true,\"valueName\":\"search_term_string\"}}],\"inLanguage\":\"fr-FR\"}]}<\/script>\n<!-- \/ Yoast SEO Premium plugin. -->","yoast_head_json":{"title":"Cat\u00e9gories - XXX Porn","description":"Plusieurs cat\u00e9gories de vid\u00e9os porno divis\u00e9es par genres de porno adulte. Films XXX chauds en HD 720p de haute qualit\u00e9. Regardez les meilleures vid\u00e9os xxx gratuites maintenant !","robots":{"index":"index","follow":"follow","max-snippet":"max-snippet:-1","max-image-preview":"max-image-preview:large","max-video-preview":"max-video-preview:-1"},"canonical":"https:\/\/xxx-porn.net\/fr\/categories\/","og_locale":"fr_FR","og_type":"article","og_title":"Categories","og_description":"Several categories of porn videos divided by adult porno genres. Hot XXX Movies in high-quality HD 720p. Watch the best free xxx videos now!","og_url":"https:\/\/xxx-porn.net\/fr\/categories\/","og_site_name":"XXX PORN - FREE XXX HD, XXX SEX VIDEO, PORN MOVIES","article_modified_time":"2024-03-26T19:34:29+00:00","og_image":[{"width":2560,"height":1707,"url":"https:\/\/xxx-porn.net\/wp-content\/uploads\/2024\/03\/Porn-Categories-XXX-Porn.net_-scaled.jpg","type":"image\/jpeg"}],"twitter_card":"summary_large_image","twitter_misc":{"Dur\u00e9e de lecture estim\u00e9e":"1 minute"},"schema":{"@context":"https:\/\/schema.org","@graph":[{"@type":"WebPage","@id":"https:\/\/xxx-porn.net\/fr\/categories\/","url":"https:\/\/xxx-porn.net\/fr\/categories\/","name":"Cat\u00e9gories - XXX Porn","isPartOf":{"@id":"https:\/\/xxx-porn.net\/fr\/#website"},"primaryImageOfPage":{"@id":"https:\/\/xxx-porn.net\/fr\/categories\/#primaryimage"},"image":{"@id":"https:\/\/xxx-porn.net\/fr\/categories\/#primaryimage"},"thumbnailUrl":"https:\/\/xxx-porn.net\/wp-content\/uploads\/2024\/03\/Porn-Categories-XXX-Porn.net_-scaled.jpg","datePublished":"2024-03-20T19:29:59+00:00","dateModified":"2024-03-26T19:34:29+00:00","description":"Plusieurs cat\u00e9gories de vid\u00e9os porno divis\u00e9es par genres de porno adulte. Films XXX chauds en HD 720p de haute qualit\u00e9. Regardez les meilleures vid\u00e9os xxx gratuites maintenant !","breadcrumb":{"@id":"https:\/\/xxx-porn.net\/fr\/categories\/#breadcrumb"},"inLanguage":"fr-FR","potentialAction":[{"@type":"ReadAction","target":["https:\/\/xxx-porn.net\/fr\/categories\/"]}]},{"@type":"ImageObject","inLanguage":"fr-FR","@id":"https:\/\/xxx-porn.net\/fr\/categories\/#primaryimage","url":"https:\/\/xxx-porn.net\/wp-content\/uploads\/2024\/03\/Porn-Categories-XXX-Porn.net_-scaled.jpg","contentUrl":"https:\/\/xxx-porn.net\/wp-content\/uploads\/2024\/03\/Porn-Categories-XXX-Porn.net_-scaled.jpg","width":2560,"height":1707,"caption":"Porn Categories - XXX-Porn.net"},{"@type":"BreadcrumbList","@id":"https:\/\/xxx-porn.net\/fr\/categories\/#breadcrumb","itemListElement":[{"@type":"ListItem","position":1,"name":"Home","item":"https:\/\/xxx-porn.net\/"},{"@type":"ListItem","position":2,"name":"Categories"}]},{"@type":"WebSite","@id":"https:\/\/xxx-porn.net\/fr\/#website","url":"https:\/\/xxx-porn.net\/fr\/","name":"XXX PORNO - XXX GRATUIT HD, XXX VID\u00c9O DE SEXE, FILMS PORNO","description":"","potentialAction":[{"@type":"SearchAction","target":{"@type":"EntryPoint","urlTemplate":"https:\/\/xxx-porn.net\/fr\/?s={search_term_string}"},"query-input":{"@type":"PropertyValueSpecification","valueRequired":true,"valueName":"search_term_string"}}],"inLanguage":"fr-FR"}]}},"_links":{"self":[{"href":"https:\/\/xxx-porn.net\/fr\/wp-json\/wp\/v2\/pages\/56","targetHints":{"allow":["GET"]}}],"collection":[{"href":"https:\/\/xxx-porn.net\/fr\/wp-json\/wp\/v2\/pages"}],"about":[{"href":"https:\/\/xxx-porn.net\/fr\/wp-json\/wp\/v2\/types\/page"}],"author":[{"embeddable":true,"href":"https:\/\/xxx-porn.net\/fr\/wp-json\/wp\/v2\/users\/2"}],"replies":[{"embeddable":true,"href":"https:\/\/xxx-porn.net\/fr\/wp-json\/wp\/v2\/comments?post=56"}],"version-history":[{"count":0,"href":"https:\/\/xxx-porn.net\/fr\/wp-json\/wp\/v2\/pages\/56\/revisions"}],"wp:featuredmedia":[{"embeddable":true,"href":"https:\/\/xxx-porn.net\/fr\/wp-json\/wp\/v2\/media\/378"}],"wp:attachment":[{"href":"https:\/\/xxx-porn.net\/fr\/wp-json\/wp\/v2\/media?parent=56"}],"curies":[{"name":"wp","href":"https:\/\/api.w.org\/{rel}","templated":true}]}}