{"id":69,"date":"2024-03-23T00:34:40","date_gmt":"2024-03-23T00:34:40","guid":{"rendered":"https:\/\/xxx-porn.net\/?page_id=69"},"modified":"2024-03-27T23:27:15","modified_gmt":"2024-03-27T23:27:15","slug":"pornstars","status":"publish","type":"page","link":"https:\/\/xxx-porn.net\/fr\/pornstars\/","title":{"rendered":"PornStars"},"content":{"rendered":"<p class=\"translation-block\">Regardez des vid\u00e9os de sexe gratuites et des films xxx en HD 720p avec votre star du porno pr\u00e9f\u00e9r\u00e9e sur XXX-Porn.net. Explorez tous les acteurs et mod\u00e8les chauds. Les <strong>PornStars<\/strong> les plus populaires au monde de tous les temps.<\/p>","protected":false},"excerpt":{"rendered":"<p class=\"translation-block\">Regardez des vid\u00e9os de sexe gratuites et des films xxx en HD 720p avec votre star du porno pr\u00e9f\u00e9r\u00e9e sur XXX-Porn.net. Explorez tous les acteurs et mod\u00e8les chauds. Les <strong>PornStars<\/strong> les plus populaires au monde de tous les temps.<\/p>","protected":false},"author":2,"featured_media":381,"parent":0,"menu_order":0,"comment_status":"closed","ping_status":"closed","template":"template-actors.php","meta":{"footnotes":""},"class_list":["post-69","page","type-page","status-publish","has-post-thumbnail","hentry"],"yoast_head":"<!-- This site is optimized with the Yoast SEO Premium plugin v27.3 (Yoast SEO v27.3) - https:\/\/yoast.com\/product\/yoast-seo-premium-wordpress\/ -->\n<title>PornStars - XXX Porn<\/title>\n<meta name=\"description\" content=\"Watch free sex videos and xxx movies in HD 720p with your favorite porn star at XXX-Porn.net . Explore all the hot Models and PornStars.\" \/>\n<meta name=\"robots\" content=\"index, follow, max-snippet:-1, max-image-preview:large, max-video-preview:-1\" \/>\n<link rel=\"canonical\" href=\"https:\/\/xxx-porn.net\/fr\/pornstars\/\" \/>\n<meta property=\"og:locale\" content=\"fr_FR\" \/>\n<meta property=\"og:type\" content=\"article\" \/>\n<meta property=\"og:title\" content=\"PornStars\" \/>\n<meta property=\"og:description\" content=\"Watch free sex videos and xxx movies in HD 720p with your favorite porn star at XXX-Porn.net . Explore all the hot Models and PornStars.\" \/>\n<meta property=\"og:url\" content=\"https:\/\/xxx-porn.net\/fr\/pornstars\/\" \/>\n<meta property=\"og:site_name\" content=\"XXX PORN - FREE XXX HD, XXX SEX VIDEO, PORN MOVIES\" \/>\n<meta property=\"article:modified_time\" content=\"2024-03-27T23:27:15+00:00\" \/>\n<meta property=\"og:image\" content=\"https:\/\/xxx-porn.net\/wp-content\/uploads\/2024\/03\/PornStars-XXX-Porn.net_-scaled.jpg\" \/>\n\t<meta property=\"og:image:width\" content=\"2560\" \/>\n\t<meta property=\"og:image:height\" content=\"1685\" \/>\n\t<meta property=\"og:image:type\" content=\"image\/jpeg\" \/>\n<meta name=\"twitter:card\" content=\"summary_large_image\" \/>\n<meta name=\"twitter:label1\" content=\"Dur\u00e9e de lecture estim\u00e9e\" \/>\n\t<meta name=\"twitter:data1\" content=\"1 minute\" \/>\n<script type=\"application\/ld+json\" class=\"yoast-schema-graph\">{\"@context\":\"https:\\\/\\\/schema.org\",\"@graph\":[{\"@type\":\"WebPage\",\"@id\":\"https:\\\/\\\/xxx-porn.net\\\/fr\\\/pornstars\\\/\",\"url\":\"https:\\\/\\\/xxx-porn.net\\\/fr\\\/pornstars\\\/\",\"name\":\"PornStars - XXX Porn\",\"isPartOf\":{\"@id\":\"https:\\\/\\\/xxx-porn.net\\\/fr\\\/#website\"},\"primaryImageOfPage\":{\"@id\":\"https:\\\/\\\/xxx-porn.net\\\/fr\\\/pornstars\\\/#primaryimage\"},\"image\":{\"@id\":\"https:\\\/\\\/xxx-porn.net\\\/fr\\\/pornstars\\\/#primaryimage\"},\"thumbnailUrl\":\"https:\\\/\\\/xxx-porn.net\\\/wp-content\\\/uploads\\\/2024\\\/03\\\/PornStars-XXX-Porn.net_-scaled.jpg\",\"datePublished\":\"2024-03-23T00:34:40+00:00\",\"dateModified\":\"2024-03-27T23:27:15+00:00\",\"description\":\"Watch free sex videos and xxx movies in HD 720p with your favorite porn star at XXX-Porn.net . Explore all the hot Models and PornStars.\",\"breadcrumb\":{\"@id\":\"https:\\\/\\\/xxx-porn.net\\\/fr\\\/pornstars\\\/#breadcrumb\"},\"inLanguage\":\"fr-FR\",\"potentialAction\":[{\"@type\":\"ReadAction\",\"target\":[\"https:\\\/\\\/xxx-porn.net\\\/fr\\\/pornstars\\\/\"]}]},{\"@type\":\"ImageObject\",\"inLanguage\":\"fr-FR\",\"@id\":\"https:\\\/\\\/xxx-porn.net\\\/fr\\\/pornstars\\\/#primaryimage\",\"url\":\"https:\\\/\\\/xxx-porn.net\\\/wp-content\\\/uploads\\\/2024\\\/03\\\/PornStars-XXX-Porn.net_-scaled.jpg\",\"contentUrl\":\"https:\\\/\\\/xxx-porn.net\\\/wp-content\\\/uploads\\\/2024\\\/03\\\/PornStars-XXX-Porn.net_-scaled.jpg\",\"width\":2560,\"height\":1685,\"caption\":\"PornStars - XXX-Porn.net\"},{\"@type\":\"BreadcrumbList\",\"@id\":\"https:\\\/\\\/xxx-porn.net\\\/fr\\\/pornstars\\\/#breadcrumb\",\"itemListElement\":[{\"@type\":\"ListItem\",\"position\":1,\"name\":\"Home\",\"item\":\"https:\\\/\\\/xxx-porn.net\\\/\"},{\"@type\":\"ListItem\",\"position\":2,\"name\":\"PornStars\"}]},{\"@type\":\"WebSite\",\"@id\":\"https:\\\/\\\/xxx-porn.net\\\/fr\\\/#website\",\"url\":\"https:\\\/\\\/xxx-porn.net\\\/fr\\\/\",\"name\":\"XXX PORN - FREE XXX HD, XXX SEX VIDEO, PORN MOVIES\",\"description\":\"\",\"potentialAction\":[{\"@type\":\"SearchAction\",\"target\":{\"@type\":\"EntryPoint\",\"urlTemplate\":\"https:\\\/\\\/xxx-porn.net\\\/fr\\\/?s={search_term_string}\"},\"query-input\":{\"@type\":\"PropertyValueSpecification\",\"valueRequired\":true,\"valueName\":\"search_term_string\"}}],\"inLanguage\":\"fr-FR\"}]}<\/script>\n<!-- \/ Yoast SEO Premium plugin. -->","yoast_head_json":{"title":"PornStars - XXX Porn","description":"Regardez des vid\u00e9os de sexe gratuites et des films xxx en HD 720p avec votre star du porno pr\u00e9f\u00e9r\u00e9e sur XXX-Porn.net. Explorez tous les mod\u00e8les et stars du porno chauds.","robots":{"index":"index","follow":"follow","max-snippet":"max-snippet:-1","max-image-preview":"max-image-preview:large","max-video-preview":"max-video-preview:-1"},"canonical":"https:\/\/xxx-porn.net\/fr\/pornstars\/","og_locale":"fr_FR","og_type":"article","og_title":"PornStars","og_description":"Watch free sex videos and xxx movies in HD 720p with your favorite porn star at XXX-Porn.net . Explore all the hot Models and PornStars.","og_url":"https:\/\/xxx-porn.net\/fr\/pornstars\/","og_site_name":"XXX PORN - FREE XXX HD, XXX SEX VIDEO, PORN MOVIES","article_modified_time":"2024-03-27T23:27:15+00:00","og_image":[{"width":2560,"height":1685,"url":"https:\/\/xxx-porn.net\/wp-content\/uploads\/2024\/03\/PornStars-XXX-Porn.net_-scaled.jpg","type":"image\/jpeg"}],"twitter_card":"summary_large_image","twitter_misc":{"Dur\u00e9e de lecture estim\u00e9e":"1 minute"},"schema":{"@context":"https:\/\/schema.org","@graph":[{"@type":"WebPage","@id":"https:\/\/xxx-porn.net\/fr\/pornstars\/","url":"https:\/\/xxx-porn.net\/fr\/pornstars\/","name":"PornStars - XXX Porn","isPartOf":{"@id":"https:\/\/xxx-porn.net\/fr\/#website"},"primaryImageOfPage":{"@id":"https:\/\/xxx-porn.net\/fr\/pornstars\/#primaryimage"},"image":{"@id":"https:\/\/xxx-porn.net\/fr\/pornstars\/#primaryimage"},"thumbnailUrl":"https:\/\/xxx-porn.net\/wp-content\/uploads\/2024\/03\/PornStars-XXX-Porn.net_-scaled.jpg","datePublished":"2024-03-23T00:34:40+00:00","dateModified":"2024-03-27T23:27:15+00:00","description":"Regardez des vid\u00e9os de sexe gratuites et des films xxx en HD 720p avec votre star du porno pr\u00e9f\u00e9r\u00e9e sur XXX-Porn.net. Explorez tous les mod\u00e8les et stars du porno chauds.","breadcrumb":{"@id":"https:\/\/xxx-porn.net\/fr\/pornstars\/#breadcrumb"},"inLanguage":"fr-FR","potentialAction":[{"@type":"ReadAction","target":["https:\/\/xxx-porn.net\/fr\/pornstars\/"]}]},{"@type":"ImageObject","inLanguage":"fr-FR","@id":"https:\/\/xxx-porn.net\/fr\/pornstars\/#primaryimage","url":"https:\/\/xxx-porn.net\/wp-content\/uploads\/2024\/03\/PornStars-XXX-Porn.net_-scaled.jpg","contentUrl":"https:\/\/xxx-porn.net\/wp-content\/uploads\/2024\/03\/PornStars-XXX-Porn.net_-scaled.jpg","width":2560,"height":1685,"caption":"PornStars - XXX-Porn.net"},{"@type":"BreadcrumbList","@id":"https:\/\/xxx-porn.net\/fr\/pornstars\/#breadcrumb","itemListElement":[{"@type":"ListItem","position":1,"name":"Home","item":"https:\/\/xxx-porn.net\/"},{"@type":"ListItem","position":2,"name":"PornStars"}]},{"@type":"WebSite","@id":"https:\/\/xxx-porn.net\/fr\/#website","url":"https:\/\/xxx-porn.net\/fr\/","name":"XXX PORNO - XXX GRATUIT HD, XXX VID\u00c9O DE SEXE, FILMS PORNO","description":"","potentialAction":[{"@type":"SearchAction","target":{"@type":"EntryPoint","urlTemplate":"https:\/\/xxx-porn.net\/fr\/?s={search_term_string}"},"query-input":{"@type":"PropertyValueSpecification","valueRequired":true,"valueName":"search_term_string"}}],"inLanguage":"fr-FR"}]}},"_links":{"self":[{"href":"https:\/\/xxx-porn.net\/fr\/wp-json\/wp\/v2\/pages\/69","targetHints":{"allow":["GET"]}}],"collection":[{"href":"https:\/\/xxx-porn.net\/fr\/wp-json\/wp\/v2\/pages"}],"about":[{"href":"https:\/\/xxx-porn.net\/fr\/wp-json\/wp\/v2\/types\/page"}],"author":[{"embeddable":true,"href":"https:\/\/xxx-porn.net\/fr\/wp-json\/wp\/v2\/users\/2"}],"replies":[{"embeddable":true,"href":"https:\/\/xxx-porn.net\/fr\/wp-json\/wp\/v2\/comments?post=69"}],"version-history":[{"count":0,"href":"https:\/\/xxx-porn.net\/fr\/wp-json\/wp\/v2\/pages\/69\/revisions"}],"wp:featuredmedia":[{"embeddable":true,"href":"https:\/\/xxx-porn.net\/fr\/wp-json\/wp\/v2\/media\/381"}],"wp:attachment":[{"href":"https:\/\/xxx-porn.net\/fr\/wp-json\/wp\/v2\/media?parent=69"}],"curies":[{"name":"wp","href":"https:\/\/api.w.org\/{rel}","templated":true}]}}